{"id":4194,"date":"2023-02-09T04:27:41","date_gmt":"2023-02-09T01:27:41","guid":{"rendered":"https:\/\/mostbet-turkish.com\/?page_id=4194"},"modified":"2023-02-12T11:56:16","modified_gmt":"2023-02-12T08:56:16","slug":"contacts","status":"publish","type":"page","link":"https:\/\/mostbetinallturkey.com\/en\/contacts\/","title":{"rendered":"Use the contact form to contact us"},"content":{"rendered":"","protected":false},"excerpt":{"rendered":"","protected":false},"author":1,"featured_media":0,"parent":0,"menu_order":0,"comment_status":"closed","ping_status":"closed","template":"page-contact.php","meta":{"inline_featured_image":false,"footnotes":""},"class_list":["post-4194","page","type-page","status-publish","hentry"],"acf":[],"yoast_head":"<!-- This site is optimized with the Yoast SEO plugin v22.0 - https:\/\/yoast.com\/wordpress\/plugins\/seo\/ -->\n<title>Use the contact form to contact us - Mostbet-turkish<\/title>\n<meta name=\"robots\" content=\"index, follow, max-snippet:-1, max-image-preview:large, max-video-preview:-1\" \/>\n<link rel=\"canonical\" href=\"https:\/\/mostbetinallturkey.com\/contacts\/\" \/>\n<meta property=\"og:locale\" content=\"en_US\" \/>\n<meta property=\"og:type\" content=\"article\" \/>\n<meta property=\"og:title\" content=\"[:ru]\u0412\u043e\u0441\u043f\u043e\u043b\u044c\u0437\u0443\u0439\u0442\u0435\u0441\u044c \u0444\u043e\u0440\u043c\u043e\u0439 \u043a\u043e\u043d\u0442\u0430\u043a\u0442\u043e\u0432 \u0434\u043b\u044f \u0441\u0432\u044f\u0437\u0438 \u0441 \u043d\u0430\u043c\u0438[:en]Use the contact form to contact us[:kk]\u0411\u0456\u0437\u0431\u0435\u043d \u0431\u0430\u0439\u043b\u0430\u043d\u044b\u0441\u0443 \u04af\u0448\u0456\u043d \u0431\u0430\u0439\u043b\u0430\u043d\u044b\u0441 \u0444\u043e\u0440\u043c\u0430\u0441\u044b\u043d \u043f\u0430\u0439\u0434\u0430\u043b\u0430\u043d\u044b\u04a3\u044b\u0437[:pt]Use o formul\u00e1rio de contato para entrar em contato conosco[:tr]Bizimle ileti\u015fime ge\u00e7mek i\u00e7in ileti\u015fim formunu kullan\u0131n[:az]Biziml\u0259 \u0259laq\u0259 saxlamaq \u00fc\u00e7\u00fcn \u0259laq\u0259 formas\u0131ndan istifad\u0259 edin[:] - Mostbet-turkish\" \/>\n<meta property=\"og:url\" content=\"https:\/\/mostbetinallturkey.com\/contacts\/\" \/>\n<meta property=\"og:site_name\" content=\"Mostbet-turkish\" \/>\n<meta property=\"article:modified_time\" content=\"2023-02-12T08:56:16+00:00\" \/>\n<meta name=\"twitter:card\" content=\"summary_large_image\" \/>\n<script type=\"application\/ld+json\" class=\"yoast-schema-graph\">{\"@context\":\"https:\/\/schema.org\",\"@graph\":[{\"@type\":\"WebPage\",\"@id\":\"https:\/\/mostbetinallturkey.com\/contacts\/\",\"url\":\"https:\/\/mostbetinallturkey.com\/contacts\/\",\"name\":\"[:ru]\u0412\u043e\u0441\u043f\u043e\u043b\u044c\u0437\u0443\u0439\u0442\u0435\u0441\u044c \u0444\u043e\u0440\u043c\u043e\u0439 \u043a\u043e\u043d\u0442\u0430\u043a\u0442\u043e\u0432 \u0434\u043b\u044f \u0441\u0432\u044f\u0437\u0438 \u0441 \u043d\u0430\u043c\u0438[:en]Use the contact form to contact us[:kk]\u0411\u0456\u0437\u0431\u0435\u043d \u0431\u0430\u0439\u043b\u0430\u043d\u044b\u0441\u0443 \u04af\u0448\u0456\u043d \u0431\u0430\u0439\u043b\u0430\u043d\u044b\u0441 \u0444\u043e\u0440\u043c\u0430\u0441\u044b\u043d \u043f\u0430\u0439\u0434\u0430\u043b\u0430\u043d\u044b\u04a3\u044b\u0437[:pt]Use o formul\u00e1rio de contato para entrar em contato conosco[:tr]Bizimle ileti\u015fime ge\u00e7mek i\u00e7in ileti\u015fim formunu kullan\u0131n[:az]Biziml\u0259 \u0259laq\u0259 saxlamaq \u00fc\u00e7\u00fcn \u0259laq\u0259 formas\u0131ndan istifad\u0259 edin[:] - Mostbet-turkish\",\"isPartOf\":{\"@id\":\"https:\/\/mostbetinallturkey.com\/#website\"},\"datePublished\":\"2023-02-09T01:27:41+00:00\",\"dateModified\":\"2023-02-12T08:56:16+00:00\",\"breadcrumb\":{\"@id\":\"https:\/\/mostbetinallturkey.com\/contacts\/#breadcrumb\"},\"inLanguage\":\"en-US\",\"potentialAction\":[{\"@type\":\"ReadAction\",\"target\":[\"https:\/\/mostbetinallturkey.com\/contacts\/\"]}]},{\"@type\":\"BreadcrumbList\",\"@id\":\"https:\/\/mostbetinallturkey.com\/contacts\/#breadcrumb\",\"itemListElement\":[{\"@type\":\"ListItem\",\"position\":1,\"name\":\"\u0413\u043b\u0430\u0432\u043d\u0430\u044f \u0441\u0442\u0440\u0430\u043d\u0438\u0446\u0430\",\"item\":\"https:\/\/mostbetinallturkey.com\/\"},{\"@type\":\"ListItem\",\"position\":2,\"name\":\"\u0412\u043e\u0441\u043f\u043e\u043b\u044c\u0437\u0443\u0439\u0442\u0435\u0441\u044c \u0444\u043e\u0440\u043c\u043e\u0439 \u043a\u043e\u043d\u0442\u0430\u043a\u0442\u043e\u0432 \u0434\u043b\u044f \u0441\u0432\u044f\u0437\u0438 \u0441 \u043d\u0430\u043c\u0438\"}]},{\"@type\":\"WebSite\",\"@id\":\"https:\/\/mostbetinallturkey.com\/#website\",\"url\":\"https:\/\/mostbetinallturkey.com\/\",\"name\":\"Mostbet-turkish\",\"description\":\"\",\"publisher\":{\"@id\":\"https:\/\/mostbetinallturkey.com\/#organization\"},\"potentialAction\":[{\"@type\":\"SearchAction\",\"target\":{\"@type\":\"EntryPoint\",\"urlTemplate\":\"https:\/\/mostbetinallturkey.com\/?s={search_term_string}\"},\"query-input\":\"required name=search_term_string\"}],\"inLanguage\":\"en-US\"},{\"@type\":\"Organization\",\"@id\":\"https:\/\/mostbetinallturkey.com\/#organization\",\"name\":\"Mostbet-turkish\",\"url\":\"https:\/\/mostbetinallturkey.com\/\",\"logo\":{\"@type\":\"ImageObject\",\"inLanguage\":\"en-US\",\"@id\":\"https:\/\/mostbetinallturkey.com\/#\/schema\/logo\/image\/\",\"url\":\"https:\/\/mostbet-turkish.com\/wp-content\/uploads\/2023\/02\/mb_logo.svg\",\"contentUrl\":\"https:\/\/mostbet-turkish.com\/wp-content\/uploads\/2023\/02\/mb_logo.svg\",\"width\":1660,\"height\":281,\"caption\":\"Mostbet-turkish\"},\"image\":{\"@id\":\"https:\/\/mostbetinallturkey.com\/#\/schema\/logo\/image\/\"}}]}<\/script>\n<!-- \/ Yoast SEO plugin. -->","yoast_head_json":{"title":"[:ru]\u0412\u043e\u0441\u043f\u043e\u043b\u044c\u0437\u0443\u0439\u0442\u0435\u0441\u044c \u0444\u043e\u0440\u043c\u043e\u0439 \u043a\u043e\u043d\u0442\u0430\u043a\u0442\u043e\u0432 \u0434\u043b\u044f \u0441\u0432\u044f\u0437\u0438 \u0441 \u043d\u0430\u043c\u0438[:en]Use the contact form to contact us[:kk]\u0411\u0456\u0437\u0431\u0435\u043d \u0431\u0430\u0439\u043b\u0430\u043d\u044b\u0441\u0443 \u04af\u0448\u0456\u043d \u0431\u0430\u0439\u043b\u0430\u043d\u044b\u0441 \u0444\u043e\u0440\u043c\u0430\u0441\u044b\u043d \u043f\u0430\u0439\u0434\u0430\u043b\u0430\u043d\u044b\u04a3\u044b\u0437[:pt]Use o formul\u00e1rio de contato para entrar em contato conosco[:tr]Bizimle ileti\u015fime ge\u00e7mek i\u00e7in ileti\u015fim formunu kullan\u0131n[:az]Biziml\u0259 \u0259laq\u0259 saxlamaq \u00fc\u00e7\u00fcn \u0259laq\u0259 formas\u0131ndan istifad\u0259 edin[:] - Mostbet-turkish","robots":{"index":"index","follow":"follow","max-snippet":"max-snippet:-1","max-image-preview":"max-image-preview:large","max-video-preview":"max-video-preview:-1"},"canonical":"https:\/\/mostbetinallturkey.com\/contacts\/","og_locale":"en_US","og_type":"article","og_title":"[:ru]\u0412\u043e\u0441\u043f\u043e\u043b\u044c\u0437\u0443\u0439\u0442\u0435\u0441\u044c \u0444\u043e\u0440\u043c\u043e\u0439 \u043a\u043e\u043d\u0442\u0430\u043a\u0442\u043e\u0432 \u0434\u043b\u044f \u0441\u0432\u044f\u0437\u0438 \u0441 \u043d\u0430\u043c\u0438[:en]Use the contact form to contact us[:kk]\u0411\u0456\u0437\u0431\u0435\u043d \u0431\u0430\u0439\u043b\u0430\u043d\u044b\u0441\u0443 \u04af\u0448\u0456\u043d \u0431\u0430\u0439\u043b\u0430\u043d\u044b\u0441 \u0444\u043e\u0440\u043c\u0430\u0441\u044b\u043d \u043f\u0430\u0439\u0434\u0430\u043b\u0430\u043d\u044b\u04a3\u044b\u0437[:pt]Use o formul\u00e1rio de contato para entrar em contato conosco[:tr]Bizimle ileti\u015fime ge\u00e7mek i\u00e7in ileti\u015fim formunu kullan\u0131n[:az]Biziml\u0259 \u0259laq\u0259 saxlamaq \u00fc\u00e7\u00fcn \u0259laq\u0259 formas\u0131ndan istifad\u0259 edin[:] - Mostbet-turkish","og_url":"https:\/\/mostbetinallturkey.com\/contacts\/","og_site_name":"Mostbet-turkish","article_modified_time":"2023-02-12T08:56:16+00:00","twitter_card":"summary_large_image","schema":{"@context":"https:\/\/schema.org","@graph":[{"@type":"WebPage","@id":"https:\/\/mostbetinallturkey.com\/contacts\/","url":"https:\/\/mostbetinallturkey.com\/contacts\/","name":"[:ru]\u0412\u043e\u0441\u043f\u043e\u043b\u044c\u0437\u0443\u0439\u0442\u0435\u0441\u044c \u0444\u043e\u0440\u043c\u043e\u0439 \u043a\u043e\u043d\u0442\u0430\u043a\u0442\u043e\u0432 \u0434\u043b\u044f \u0441\u0432\u044f\u0437\u0438 \u0441 \u043d\u0430\u043c\u0438[:en]Use the contact form to contact us[:kk]\u0411\u0456\u0437\u0431\u0435\u043d \u0431\u0430\u0439\u043b\u0430\u043d\u044b\u0441\u0443 \u04af\u0448\u0456\u043d \u0431\u0430\u0439\u043b\u0430\u043d\u044b\u0441 \u0444\u043e\u0440\u043c\u0430\u0441\u044b\u043d \u043f\u0430\u0439\u0434\u0430\u043b\u0430\u043d\u044b\u04a3\u044b\u0437[:pt]Use o formul\u00e1rio de contato para entrar em contato conosco[:tr]Bizimle ileti\u015fime ge\u00e7mek i\u00e7in ileti\u015fim formunu kullan\u0131n[:az]Biziml\u0259 \u0259laq\u0259 saxlamaq \u00fc\u00e7\u00fcn \u0259laq\u0259 formas\u0131ndan istifad\u0259 edin[:] - Mostbet-turkish","isPartOf":{"@id":"https:\/\/mostbetinallturkey.com\/#website"},"datePublished":"2023-02-09T01:27:41+00:00","dateModified":"2023-02-12T08:56:16+00:00","breadcrumb":{"@id":"https:\/\/mostbetinallturkey.com\/contacts\/#breadcrumb"},"inLanguage":"en-US","potentialAction":[{"@type":"ReadAction","target":["https:\/\/mostbetinallturkey.com\/contacts\/"]}]},{"@type":"BreadcrumbList","@id":"https:\/\/mostbetinallturkey.com\/contacts\/#breadcrumb","itemListElement":[{"@type":"ListItem","position":1,"name":"\u0413\u043b\u0430\u0432\u043d\u0430\u044f \u0441\u0442\u0440\u0430\u043d\u0438\u0446\u0430","item":"https:\/\/mostbetinallturkey.com\/"},{"@type":"ListItem","position":2,"name":"\u0412\u043e\u0441\u043f\u043e\u043b\u044c\u0437\u0443\u0439\u0442\u0435\u0441\u044c \u0444\u043e\u0440\u043c\u043e\u0439 \u043a\u043e\u043d\u0442\u0430\u043a\u0442\u043e\u0432 \u0434\u043b\u044f \u0441\u0432\u044f\u0437\u0438 \u0441 \u043d\u0430\u043c\u0438"}]},{"@type":"WebSite","@id":"https:\/\/mostbetinallturkey.com\/#website","url":"https:\/\/mostbetinallturkey.com\/","name":"Mostbet-turkish","description":"","publisher":{"@id":"https:\/\/mostbetinallturkey.com\/#organization"},"potentialAction":[{"@type":"SearchAction","target":{"@type":"EntryPoint","urlTemplate":"https:\/\/mostbetinallturkey.com\/?s={search_term_string}"},"query-input":"required name=search_term_string"}],"inLanguage":"en-US"},{"@type":"Organization","@id":"https:\/\/mostbetinallturkey.com\/#organization","name":"Mostbet-turkish","url":"https:\/\/mostbetinallturkey.com\/","logo":{"@type":"ImageObject","inLanguage":"en-US","@id":"https:\/\/mostbetinallturkey.com\/#\/schema\/logo\/image\/","url":"https:\/\/mostbet-turkish.com\/wp-content\/uploads\/2023\/02\/mb_logo.svg","contentUrl":"https:\/\/mostbet-turkish.com\/wp-content\/uploads\/2023\/02\/mb_logo.svg","width":1660,"height":281,"caption":"Mostbet-turkish"},"image":{"@id":"https:\/\/mostbetinallturkey.com\/#\/schema\/logo\/image\/"}}]}},"amp_enabled":true,"_links":{"self":[{"href":"https:\/\/mostbetinallturkey.com\/en\/wp-json\/wp\/v2\/pages\/4194","targetHints":{"allow":["GET"]}}],"collection":[{"href":"https:\/\/mostbetinallturkey.com\/en\/wp-json\/wp\/v2\/pages"}],"about":[{"href":"https:\/\/mostbetinallturkey.com\/en\/wp-json\/wp\/v2\/types\/page"}],"author":[{"embeddable":true,"href":"https:\/\/mostbetinallturkey.com\/en\/wp-json\/wp\/v2\/users\/1"}],"replies":[{"embeddable":true,"href":"https:\/\/mostbetinallturkey.com\/en\/wp-json\/wp\/v2\/comments?post=4194"}],"version-history":[{"count":3,"href":"https:\/\/mostbetinallturkey.com\/en\/wp-json\/wp\/v2\/pages\/4194\/revisions"}],"predecessor-version":[{"id":4208,"href":"https:\/\/mostbetinallturkey.com\/en\/wp-json\/wp\/v2\/pages\/4194\/revisions\/4208"}],"wp:attachment":[{"href":"https:\/\/mostbetinallturkey.com\/en\/wp-json\/wp\/v2\/media?parent=4194"}],"curies":[{"name":"wp","href":"https:\/\/api.w.org\/{rel}","templated":true}]}}